{"id":251,"date":"2022-06-24T13:13:45","date_gmt":"2022-06-24T13:13:45","guid":{"rendered":"https:\/\/autism-neurodiversitate.com\/?page_id=251"},"modified":"2022-06-24T13:14:30","modified_gmt":"2022-06-24T13:14:30","slug":"neurodiversitate","status":"publish","type":"page","link":"https:\/\/autism-neurodiversitate.com\/en\/neurodiversitate\/","title":{"rendered":"Neurodiversitate"},"content":{"rendered":"<div data-elementor-type=\"wp-page\" data-elementor-id=\"251\" class=\"elementor elementor-251\">\n\t\t\t\t\t\t\t\t\t<section class=\"elementor-section elementor-top-section elementor-element elementor-element-21aaac20 elementor-section-boxed elementor-section-height-default elementor-section-height-default\" data-id=\"21aaac20\" data-element_type=\"section\" data-settings=\"{&quot;background_background&quot;:&quot;classic&quot;}\">\n\t\t\t\t\t\t\t<div class=\"elementor-background-overlay\"><\/div>\n\t\t\t\t\t\t\t<div class=\"elementor-container elementor-column-gap-default\">\n\t\t\t\t\t<div class=\"elementor-column elementor-col-100 elementor-top-column elementor-element elementor-element-64d18f71\" data-id=\"64d18f71\" data-element_type=\"column\">\n\t\t\t<div class=\"elementor-widget-wrap elementor-element-populated\">\n\t\t\t\t\t\t\t\t<div class=\"elementor-element elementor-element-314442b8 elementor-widget elementor-widget-elementskit-heading\" data-id=\"314442b8\" data-element_type=\"widget\" data-widget_type=\"elementskit-heading.default\">\n\t\t\t\t<div class=\"elementor-widget-container\">\n\t\t\t<div class=\"ekit-wid-con\" ><div class=\"ekit-heading elementskit-section-title-wraper text_center   ekit_heading_tablet-   ekit_heading_mobile-\"><h2 class=\"ekit-heading--title elementskit-section-title\">\n\t\t\t\t\tNeurodiversitate\n\t\t\t\t\t<\/h2><\/div><\/div>\t\t<\/div>\n\t\t\t\t<\/div>\n\t\t\t\t<div class=\"elementor-element elementor-element-412abbd0 elementor-widget-divider--view-line elementor-widget elementor-widget-divider\" data-id=\"412abbd0\" data-element_type=\"widget\" data-widget_type=\"divider.default\">\n\t\t\t\t<div class=\"elementor-widget-container\">\n\t\t\t<style>\/*! elementor - v3.9.0 - 06-12-2022 *\/\n.elementor-widget-divider{--divider-border-style:none;--divider-border-width:1px;--divider-color:#2c2c2c;--divider-icon-size:20px;--divider-element-spacing:10px;--divider-pattern-height:24px;--divider-pattern-size:20px;--divider-pattern-url:none;--divider-pattern-repeat:repeat-x}.elementor-widget-divider .elementor-divider{display:flex}.elementor-widget-divider .elementor-divider__text{font-size:15px;line-height:1;max-width:95%}.elementor-widget-divider .elementor-divider__element{margin:0 var(--divider-element-spacing);flex-shrink:0}.elementor-widget-divider .elementor-icon{font-size:var(--divider-icon-size)}.elementor-widget-divider .elementor-divider-separator{display:flex;margin:0;direction:ltr}.elementor-widget-divider--view-line_icon .elementor-divider-separator,.elementor-widget-divider--view-line_text .elementor-divider-separator{align-items:center}.elementor-widget-divider--view-line_icon .elementor-divider-separator:after,.elementor-widget-divider--view-line_icon .elementor-divider-separator:before,.elementor-widget-divider--view-line_text .elementor-divider-separator:after,.elementor-widget-divider--view-line_text .elementor-divider-separator:before{display:block;content:\"\";border-bottom:0;flex-grow:1;border-top:var(--divider-border-width) var(--divider-border-style) var(--divider-color)}.elementor-widget-divider--element-align-left .elementor-divider .elementor-divider-separator>.elementor-divider__svg:first-of-type{flex-grow:0;flex-shrink:100}.elementor-widget-divider--element-align-left .elementor-divider-separator:before{content:none}.elementor-widget-divider--element-align-left .elementor-divider__element{margin-left:0}.elementor-widget-divider--element-align-right .elementor-divider .elementor-divider-separator>.elementor-divider__svg:last-of-type{flex-grow:0;flex-shrink:100}.elementor-widget-divider--element-align-right .elementor-divider-separator:after{content:none}.elementor-widget-divider--element-align-right .elementor-divider__element{margin-right:0}.elementor-widget-divider:not(.elementor-widget-divider--view-line_text):not(.elementor-widget-divider--view-line_icon) .elementor-divider-separator{border-top:var(--divider-border-width) var(--divider-border-style) var(--divider-color)}.elementor-widget-divider--separator-type-pattern{--divider-border-style:none}.elementor-widget-divider--separator-type-pattern.elementor-widget-divider--view-line .elementor-divider-separator,.elementor-widget-divider--separator-type-pattern:not(.elementor-widget-divider--view-line) .elementor-divider-separator:after,.elementor-widget-divider--separator-type-pattern:not(.elementor-widget-divider--view-line) .elementor-divider-separator:before,.elementor-widget-divider--separator-type-pattern:not([class*=elementor-widget-divider--view]) .elementor-divider-separator{width:100%;min-height:var(--divider-pattern-height);-webkit-mask-size:var(--divider-pattern-size) 100%;mask-size:var(--divider-pattern-size) 100%;-webkit-mask-repeat:var(--divider-pattern-repeat);mask-repeat:var(--divider-pattern-repeat);background-color:var(--divider-color);-webkit-mask-image:var(--divider-pattern-url);mask-image:var(--divider-pattern-url)}.elementor-widget-divider--no-spacing{--divider-pattern-size:auto}.elementor-widget-divider--bg-round{--divider-pattern-repeat:round}.rtl .elementor-widget-divider .elementor-divider__text{direction:rtl}.e-con-inner>.elementor-widget-divider,.e-con>.elementor-widget-divider{width:var(--container-widget-width);--flex-grow:var(--container-widget-flex-grow)}<\/style>\t\t<div class=\"elementor-divider\">\n\t\t\t<span class=\"elementor-divider-separator\">\n\t\t\t\t\t\t<\/span>\n\t\t<\/div>\n\t\t\t\t<\/div>\n\t\t\t\t<\/div>\n\t\t\t\t\t<\/div>\n\t\t<\/div>\n\t\t\t\t\t\t\t<\/div>\n\t\t<\/section>\n\t\t\t\t<section class=\"elementor-section elementor-top-section elementor-element elementor-element-d717852 elementor-section-content-middle elementor-reverse-mobile elementor-section-boxed elementor-section-height-default elementor-section-height-default\" data-id=\"d717852\" data-element_type=\"section\">\n\t\t\t\t\t\t<div class=\"elementor-container elementor-column-gap-default\">\n\t\t\t\t\t<div class=\"elementor-column elementor-col-100 elementor-top-column elementor-element elementor-element-d33a931\" data-id=\"d33a931\" data-element_type=\"column\">\n\t\t\t<div class=\"elementor-widget-wrap elementor-element-populated\">\n\t\t\t\t\t\t\t\t<div class=\"elementor-element elementor-element-69f252d elementor-widget-divider--view-line elementor-widget elementor-widget-divider\" data-id=\"69f252d\" data-element_type=\"widget\" data-widget_type=\"divider.default\">\n\t\t\t\t<div class=\"elementor-widget-container\">\n\t\t\t\t\t<div class=\"elementor-divider\">\n\t\t\t<span class=\"elementor-divider-separator\">\n\t\t\t\t\t\t<\/span>\n\t\t<\/div>\n\t\t\t\t<\/div>\n\t\t\t\t<\/div>\n\t\t\t\t<div class=\"elementor-element elementor-element-f1c7516 elementor-widget elementor-widget-text-editor\" data-id=\"f1c7516\" data-element_type=\"widget\" data-widget_type=\"text-editor.default\">\n\t\t\t\t<div class=\"elementor-widget-container\">\n\t\t\t<style>\/*! elementor - v3.9.0 - 06-12-2022 *\/\n.elementor-widget-text-editor.elementor-drop-cap-view-stacked .elementor-drop-cap{background-color:#818a91;color:#fff}.elementor-widget-text-editor.elementor-drop-cap-view-framed .elementor-drop-cap{color:#818a91;border:3px solid;background-color:transparent}.elementor-widget-text-editor:not(.elementor-drop-cap-view-default) .elementor-drop-cap{margin-top:8px}.elementor-widget-text-editor:not(.elementor-drop-cap-view-default) .elementor-drop-cap-letter{width:1em;height:1em}.elementor-widget-text-editor .elementor-drop-cap{float:left;text-align:center;line-height:1;font-size:50px}.elementor-widget-text-editor .elementor-drop-cap-letter{display:inline-block}<\/style>\t\t\t\t<p>Neurodiversitatea descrie ideea c\u0103 oamenii experimenteaz\u0103 \u0219i interac\u021bioneaz\u0103 cu lumea din jurul lor \u00een multe moduri diferite;\u00a0nu exist\u0103 un mod \u201ecorect\u201d de a g\u00e2ndi, de a \u00eenv\u0103\u021ba \u0219i de a se comporta, iar\u00a0<a href=\"https:\/\/www.health.harvard.edu\/blog\/a-strength-focused-approach-to-autism-2017042011607\">diferen\u021bele nu sunt privite ca deficite<\/a>\u00a0.<\/p><p>Cuv\u00e2ntul neurodiversitate se refer\u0103 la diversitatea tuturor oamenilor, dar este adesea folosit \u00een contextul tulbur\u0103rii din spectrul autist (TSA), precum \u0219i al altor afec\u021biuni neurologice sau de dezvoltare, cum ar fi ADHD sau dizabilit\u0103\u021bi de \u00eenv\u0103\u021bare.\u00a0<\/p><p>O premis\u0103 central\u0103 a mi\u0219c\u0103rii neurodiversit\u0103\u021bii este c\u0103 varia\u021biile \u00een dezvoltarea \u0219i func\u021bionarea neurologic\u0103 \u00eentre oameni sunt o parte natural\u0103 \u0219i valoroas\u0103\u00a0 varia\u021biei umane \u0219i, prin urmare, nu neap\u0103rat patologice (de exemplu,\u00a0<a href=\"https:\/\/www.frontiersin.org\/articles\/10.3389\/fpsyg.2021.635690\/full#B32\">Jaarsma \u0219i Welin, 2012<\/a>\u00a0;\u00a0<a href=\"https:\/\/www.frontiersin.org\/articles\/10.3389\/fpsyg.2021.635690\/full#B34\">Kapp, 2020<\/a>\u00a0).\u00a0<\/p><p>Mi\u0219carea pentru neurodiversitate a ap\u0103rut \u00een anii 1990, cu scopul de a cre\u0219te acceptarea \u0219i includerea\u00a0tuturor oamenilor \u00een timp ce \u00eembr\u0103\u021bi\u0219eaz\u0103 diferen\u021bele neurologice.\u00a0Prin intermediul revistei <strong><em>Autism \u2013 Neurodivesritate<\/em><\/strong> \u00a0dorim ca tot mai multe persoane care nu sunt conectate s\u0103 se reg\u0103seasc\u0103 \u0219i s\u0103 se sprijine racord\u00e2ndu-se la cele mai noi informa\u021bii \u0219tiin\u021bifico-practoce.<\/p><p>\u00cen acela\u0219i timp, Judy Singer, un sociolog australian, a inventat termenul de neurodiversitate pentru a promova egalitatea \u0219i includerea \u201eminorit\u0103\u021bilor neurologice\u201d.\u00a0Ap\u0103rut\u0103 ca o nevoie \u00a0de justi\u021bie social\u0103 neurodiversitatea s-a dezvoltat iar as\u0103zi vorbim despre, cercetarea \u0219i educa\u021bia \u00een domeniul neurodiversit\u0103\u021bii. Pentru c\u0103 toate acestea sunt din ce \u00een ce mai importante, \u00a0pentru c\u0103 \u00a0modul \u00een care clinicienii v\u0103d \u0219i abordeaz\u0103 anumite dizabilit\u0103\u021bi \u0219i afec\u021biuni neurologice,\u00a0 fac ca acestea s\u0103 aib\u0103 un tren de recuperare \u0219i integrare cu o vitez\u0103 mai mare iar asta este in centrul cercet\u0103rilor si inform\u0103rilor\u00a0 <strong><em>Autism \u2013 Neurodivesritate<\/em><\/strong> \u00a0<\/p><p><strong><em>Autism \u2013 Neurodivesritate<\/em><\/strong> \u00a0abordeaz\u0103 neurodivergenta din unghiuri comune, a zolenor d einetrsec\u021bie sau separat, toate abord\u0103rile venind \u00een sprijinul promov\u0103rii celor mai noi tehnici de abordare terapeutic\u0103 si integrare social\u0103 \u0219i profesional\u0103.<\/p><p>Cele mai noi \u0219i\/sau importanete informa\u021bii ce privesc neurodiversitatea d ela diagnostic la conectare social\u0103 \u0219i profesional\u0103 vor veni s\u0103 completeze competen\u021bele clinicienilor \u0219i familiilor neurodivergen\u021bilor.<\/p>\t\t\t\t\t\t<\/div>\n\t\t\t\t<\/div>\n\t\t\t\t\t<\/div>\n\t\t<\/div>\n\t\t\t\t\t\t\t<\/div>\n\t\t<\/section>\n\t\t\t\t<section class=\"elementor-section elementor-top-section elementor-element elementor-element-49eddf7c elementor-section-boxed elementor-section-height-default elementor-section-height-default\" data-id=\"49eddf7c\" data-element_type=\"section\" data-settings=\"{&quot;background_background&quot;:&quot;classic&quot;}\">\n\t\t\t\t\t\t\t<div class=\"elementor-background-overlay\"><\/div>\n\t\t\t\t\t\t\t<div class=\"elementor-container elementor-column-gap-default\">\n\t\t\t\t\t<div class=\"elementor-column elementor-col-100 elementor-top-column elementor-element elementor-element-55f0da27\" data-id=\"55f0da27\" data-element_type=\"column\">\n\t\t\t<div class=\"elementor-widget-wrap elementor-element-populated\">\n\t\t\t\t\t\t\t\t<div class=\"elementor-element elementor-element-40c71ce0 elementor-widget elementor-widget-elementskit-heading\" data-id=\"40c71ce0\" data-element_type=\"widget\" data-widget_type=\"elementskit-heading.default\">\n\t\t\t\t<div class=\"elementor-widget-container\">\n\t\t\t<div class=\"ekit-wid-con\" ><div class=\"ekit-heading elementskit-section-title-wraper text_center   ekit_heading_tablet-   ekit_heading_mobile-\"><h2 class=\"ekit-heading--title elementskit-section-title\">\n\t\t\t\t\tAi vreo intrebare? <br> Contacteaz\u0103-m\u0103!\n\t\t\t\t\t<\/h2><\/div><\/div>\t\t<\/div>\n\t\t\t\t<\/div>\n\t\t\t\t<div class=\"elementor-element elementor-element-241ca448 elementor-align-center elementor-widget elementor-widget-button\" data-id=\"241ca448\" data-element_type=\"widget\" data-widget_type=\"button.default\">\n\t\t\t\t<div class=\"elementor-widget-container\">\n\t\t\t\t\t<div class=\"elementor-button-wrapper\">\n\t\t\t<a href=\"https:\/\/autism-neurodiversitate.com\/en\/contact\/#form#form\" class=\"elementor-button-link elementor-button elementor-size-sm\" role=\"button\">\n\t\t\t\t\t\t<span class=\"elementor-button-content-wrapper\">\n\t\t\t\t\t\t<span class=\"elementor-button-text\">Formular de contact<\/span>\n\t\t<\/span>\n\t\t\t\t\t<\/a>\n\t\t<\/div>\n\t\t\t\t<\/div>\n\t\t\t\t<\/div>\n\t\t\t\t\t<\/div>\n\t\t<\/div>\n\t\t\t\t\t\t\t<\/div>\n\t\t<\/section>\n\t\t\t\t\t\t\t<\/div>","protected":false},"excerpt":{"rendered":"<p>Neurodiversitate Neurodiversitatea descrie ideea c\u0103 oamenii experimenteaz\u0103 \u0219i interac\u021bioneaz\u0103 cu lumea din jurul lor \u00een multe moduri diferite;\u00a0nu exist\u0103 un mod \u201ecorect\u201d de a g\u00e2ndi, de a \u00eenv\u0103\u021ba \u0219i de a se comporta, iar\u00a0diferen\u021bele nu sunt privite ca deficite\u00a0. Cuv\u00e2ntul neurodiversitate se refer\u0103 la diversitatea tuturor oamenilor, dar este adesea folosit \u00een contextul tulbur\u0103rii din [&hellip;]<\/p>","protected":false},"author":1,"featured_media":0,"parent":0,"menu_order":0,"comment_status":"closed","ping_status":"closed","template":"","meta":{"footnotes":""},"class_list":["post-251","page","type-page","status-publish","hentry","entry"],"_links":{"self":[{"href":"https:\/\/autism-neurodiversitate.com\/en\/wp-json\/wp\/v2\/pages\/251","targetHints":{"allow":["GET"]}}],"collection":[{"href":"https:\/\/autism-neurodiversitate.com\/en\/wp-json\/wp\/v2\/pages"}],"about":[{"href":"https:\/\/autism-neurodiversitate.com\/en\/wp-json\/wp\/v2\/types\/page"}],"author":[{"embeddable":true,"href":"https:\/\/autism-neurodiversitate.com\/en\/wp-json\/wp\/v2\/users\/1"}],"replies":[{"embeddable":true,"href":"https:\/\/autism-neurodiversitate.com\/en\/wp-json\/wp\/v2\/comments?post=251"}],"version-history":[{"count":4,"href":"https:\/\/autism-neurodiversitate.com\/en\/wp-json\/wp\/v2\/pages\/251\/revisions"}],"predecessor-version":[{"id":255,"href":"https:\/\/autism-neurodiversitate.com\/en\/wp-json\/wp\/v2\/pages\/251\/revisions\/255"}],"wp:attachment":[{"href":"https:\/\/autism-neurodiversitate.com\/en\/wp-json\/wp\/v2\/media?parent=251"}],"curies":[{"name":"wp","href":"https:\/\/api.w.org\/{rel}","templated":true}]}}