{"id":222,"date":"2022-06-24T12:58:46","date_gmt":"2022-06-24T12:58:46","guid":{"rendered":"https:\/\/autism-neurodiversitate.com\/?page_id=222"},"modified":"2022-06-24T13:19:31","modified_gmt":"2022-06-24T13:19:31","slug":"abonamente","status":"publish","type":"page","link":"https:\/\/autism-neurodiversitate.com\/en\/abonamente\/","title":{"rendered":"Comunicate"},"content":{"rendered":"<div data-elementor-type=\"wp-page\" data-elementor-id=\"222\" class=\"elementor elementor-222\">\n\t\t\t\t\t\t\t\t\t<section class=\"elementor-section elementor-top-section elementor-element elementor-element-21aaac20 elementor-section-boxed elementor-section-height-default elementor-section-height-default\" data-id=\"21aaac20\" data-element_type=\"section\" data-settings=\"{&quot;background_background&quot;:&quot;classic&quot;}\">\n\t\t\t\t\t\t\t<div class=\"elementor-background-overlay\"><\/div>\n\t\t\t\t\t\t\t<div class=\"elementor-container elementor-column-gap-default\">\n\t\t\t\t\t<div class=\"elementor-column elementor-col-100 elementor-top-column elementor-element elementor-element-64d18f71\" data-id=\"64d18f71\" data-element_type=\"column\">\n\t\t\t<div class=\"elementor-widget-wrap elementor-element-populated\">\n\t\t\t\t\t\t\t\t<div class=\"elementor-element elementor-element-314442b8 elementor-widget elementor-widget-elementskit-heading\" data-id=\"314442b8\" data-element_type=\"widget\" data-widget_type=\"elementskit-heading.default\">\n\t\t\t\t<div class=\"elementor-widget-container\">\n\t\t\t<div class=\"ekit-wid-con\" ><div class=\"ekit-heading elementskit-section-title-wraper text_center   ekit_heading_tablet-   ekit_heading_mobile-\"><h2 class=\"ekit-heading--title elementskit-section-title\">\n\t\t\t\t\tComunicate\n\t\t\t\t\t<\/h2><\/div><\/div>\t\t<\/div>\n\t\t\t\t<\/div>\n\t\t\t\t<div class=\"elementor-element elementor-element-412abbd0 elementor-widget-divider--view-line elementor-widget elementor-widget-divider\" data-id=\"412abbd0\" data-element_type=\"widget\" data-widget_type=\"divider.default\">\n\t\t\t\t<div class=\"elementor-widget-container\">\n\t\t\t<style>\/*! elementor - v3.9.0 - 06-12-2022 *\/\n.elementor-widget-divider{--divider-border-style:none;--divider-border-width:1px;--divider-color:#2c2c2c;--divider-icon-size:20px;--divider-element-spacing:10px;--divider-pattern-height:24px;--divider-pattern-size:20px;--divider-pattern-url:none;--divider-pattern-repeat:repeat-x}.elementor-widget-divider .elementor-divider{display:flex}.elementor-widget-divider .elementor-divider__text{font-size:15px;line-height:1;max-width:95%}.elementor-widget-divider .elementor-divider__element{margin:0 var(--divider-element-spacing);flex-shrink:0}.elementor-widget-divider .elementor-icon{font-size:var(--divider-icon-size)}.elementor-widget-divider .elementor-divider-separator{display:flex;margin:0;direction:ltr}.elementor-widget-divider--view-line_icon .elementor-divider-separator,.elementor-widget-divider--view-line_text .elementor-divider-separator{align-items:center}.elementor-widget-divider--view-line_icon .elementor-divider-separator:after,.elementor-widget-divider--view-line_icon .elementor-divider-separator:before,.elementor-widget-divider--view-line_text .elementor-divider-separator:after,.elementor-widget-divider--view-line_text .elementor-divider-separator:before{display:block;content:\"\";border-bottom:0;flex-grow:1;border-top:var(--divider-border-width) var(--divider-border-style) var(--divider-color)}.elementor-widget-divider--element-align-left .elementor-divider .elementor-divider-separator>.elementor-divider__svg:first-of-type{flex-grow:0;flex-shrink:100}.elementor-widget-divider--element-align-left .elementor-divider-separator:before{content:none}.elementor-widget-divider--element-align-left .elementor-divider__element{margin-left:0}.elementor-widget-divider--element-align-right .elementor-divider .elementor-divider-separator>.elementor-divider__svg:last-of-type{flex-grow:0;flex-shrink:100}.elementor-widget-divider--element-align-right .elementor-divider-separator:after{content:none}.elementor-widget-divider--element-align-right .elementor-divider__element{margin-right:0}.elementor-widget-divider:not(.elementor-widget-divider--view-line_text):not(.elementor-widget-divider--view-line_icon) .elementor-divider-separator{border-top:var(--divider-border-width) var(--divider-border-style) var(--divider-color)}.elementor-widget-divider--separator-type-pattern{--divider-border-style:none}.elementor-widget-divider--separator-type-pattern.elementor-widget-divider--view-line .elementor-divider-separator,.elementor-widget-divider--separator-type-pattern:not(.elementor-widget-divider--view-line) .elementor-divider-separator:after,.elementor-widget-divider--separator-type-pattern:not(.elementor-widget-divider--view-line) .elementor-divider-separator:before,.elementor-widget-divider--separator-type-pattern:not([class*=elementor-widget-divider--view]) .elementor-divider-separator{width:100%;min-height:var(--divider-pattern-height);-webkit-mask-size:var(--divider-pattern-size) 100%;mask-size:var(--divider-pattern-size) 100%;-webkit-mask-repeat:var(--divider-pattern-repeat);mask-repeat:var(--divider-pattern-repeat);background-color:var(--divider-color);-webkit-mask-image:var(--divider-pattern-url);mask-image:var(--divider-pattern-url)}.elementor-widget-divider--no-spacing{--divider-pattern-size:auto}.elementor-widget-divider--bg-round{--divider-pattern-repeat:round}.rtl .elementor-widget-divider .elementor-divider__text{direction:rtl}.e-con-inner>.elementor-widget-divider,.e-con>.elementor-widget-divider{width:var(--container-widget-width);--flex-grow:var(--container-widget-flex-grow)}<\/style>\t\t<div class=\"elementor-divider\">\n\t\t\t<span class=\"elementor-divider-separator\">\n\t\t\t\t\t\t<\/span>\n\t\t<\/div>\n\t\t\t\t<\/div>\n\t\t\t\t<\/div>\n\t\t\t\t\t<\/div>\n\t\t<\/div>\n\t\t\t\t\t\t\t<\/div>\n\t\t<\/section>\n\t\t\t\t<section class=\"elementor-section elementor-top-section elementor-element elementor-element-d717852 elementor-section-content-middle elementor-reverse-mobile elementor-section-boxed elementor-section-height-default elementor-section-height-default\" data-id=\"d717852\" data-element_type=\"section\">\n\t\t\t\t\t\t<div class=\"elementor-container elementor-column-gap-default\">\n\t\t\t\t\t<div class=\"elementor-column elementor-col-100 elementor-top-column elementor-element elementor-element-d33a931\" data-id=\"d33a931\" data-element_type=\"column\">\n\t\t\t<div class=\"elementor-widget-wrap elementor-element-populated\">\n\t\t\t\t\t\t\t\t<div class=\"elementor-element elementor-element-2a53812 elementor-widget elementor-widget-heading\" data-id=\"2a53812\" data-element_type=\"widget\" id=\"1\" data-widget_type=\"heading.default\">\n\t\t\t\t<div class=\"elementor-widget-container\">\n\t\t\t<style>\/*! elementor - v3.9.0 - 06-12-2022 *\/\n.elementor-heading-title{padding:0;margin:0;line-height:1}.elementor-widget-heading .elementor-heading-title[class*=elementor-size-]>a{color:inherit;font-size:inherit;line-height:inherit}.elementor-widget-heading .elementor-heading-title.elementor-size-small{font-size:15px}.elementor-widget-heading .elementor-heading-title.elementor-size-medium{font-size:19px}.elementor-widget-heading .elementor-heading-title.elementor-size-large{font-size:29px}.elementor-widget-heading .elementor-heading-title.elementor-size-xl{font-size:39px}.elementor-widget-heading .elementor-heading-title.elementor-size-xxl{font-size:59px}<\/style><h2 class=\"elementor-heading-title elementor-size-default\">Autism- Neurodiversitate \u2013 Membership<\/h2>\t\t<\/div>\n\t\t\t\t<\/div>\n\t\t\t\t<div class=\"elementor-element elementor-element-69f252d elementor-widget-divider--view-line elementor-widget elementor-widget-divider\" data-id=\"69f252d\" data-element_type=\"widget\" data-widget_type=\"divider.default\">\n\t\t\t\t<div class=\"elementor-widget-container\">\n\t\t\t\t\t<div class=\"elementor-divider\">\n\t\t\t<span class=\"elementor-divider-separator\">\n\t\t\t\t\t\t<\/span>\n\t\t<\/div>\n\t\t\t\t<\/div>\n\t\t\t\t<\/div>\n\t\t\t\t<div class=\"elementor-element elementor-element-f1c7516 elementor-widget elementor-widget-text-editor\" data-id=\"f1c7516\" data-element_type=\"widget\" data-widget_type=\"text-editor.default\">\n\t\t\t\t<div class=\"elementor-widget-container\">\n\t\t\t<style>\/*! elementor - v3.9.0 - 06-12-2022 *\/\n.elementor-widget-text-editor.elementor-drop-cap-view-stacked .elementor-drop-cap{background-color:#818a91;color:#fff}.elementor-widget-text-editor.elementor-drop-cap-view-framed .elementor-drop-cap{color:#818a91;border:3px solid;background-color:transparent}.elementor-widget-text-editor:not(.elementor-drop-cap-view-default) .elementor-drop-cap{margin-top:8px}.elementor-widget-text-editor:not(.elementor-drop-cap-view-default) .elementor-drop-cap-letter{width:1em;height:1em}.elementor-widget-text-editor .elementor-drop-cap{float:left;text-align:center;line-height:1;font-size:50px}.elementor-widget-text-editor .elementor-drop-cap-letter{display:inline-block}<\/style>\t\t\t\t<p>Calitatea de membru Autism-Neurodiversitate a fost introdus\u0103 pentru a ajuta autorii (care trimit articolele des) s\u0103 scape de taxele de procesare a articolelor \u0219i s\u0103 ofere mai multe beneficii. Exist\u0103 multe op\u021biuni flexibile la\u00a0 pentru ca tu s\u0103 o alegi pe cea care se potrive\u0219te intereselor tale.<\/p>\t\t\t\t\t\t<\/div>\n\t\t\t\t<\/div>\n\t\t\t\t<div class=\"elementor-element elementor-element-564ee7a elementor-widget elementor-widget-heading\" data-id=\"564ee7a\" data-element_type=\"widget\" id=\"2\" data-widget_type=\"heading.default\">\n\t\t\t\t<div class=\"elementor-widget-container\">\n\t\t\t<h2 class=\"elementor-heading-title elementor-size-default\">Avantaje<\/h2>\t\t<\/div>\n\t\t\t\t<\/div>\n\t\t\t\t<div class=\"elementor-element elementor-element-1cd9794 elementor-widget-divider--view-line elementor-widget elementor-widget-divider\" data-id=\"1cd9794\" data-element_type=\"widget\" data-widget_type=\"divider.default\">\n\t\t\t\t<div class=\"elementor-widget-container\">\n\t\t\t\t\t<div class=\"elementor-divider\">\n\t\t\t<span class=\"elementor-divider-separator\">\n\t\t\t\t\t\t<\/span>\n\t\t<\/div>\n\t\t\t\t<\/div>\n\t\t\t\t<\/div>\n\t\t\t\t<div class=\"elementor-element elementor-element-4d95f95 elementor-widget elementor-widget-text-editor\" data-id=\"4d95f95\" data-element_type=\"widget\" data-widget_type=\"text-editor.default\">\n\t\t\t\t<div class=\"elementor-widget-container\">\n\t\t\t\t\t\t\t<p>Planurile de membru ofer\u0103 acces autorului pentru publicarea unui num\u0103r nesf\u00e2r\u0219it de manuscrise \u00een perioada de timp de membru. Dac\u0103 sunte\u021bi autorul sau coautorul unei lucr\u0103ri, atunci vi se va sanc\u021biona o publicarea unor articole dac\u0103 nu sunte\u021bi membru.<\/p><p>Privilegii speciale \u0219i derog\u0103ri la evenimente \u0219i conferin\u021be organizate de Autism-Neurodiversitate<\/p><p>V\u0103 \u021binem la curent cu cele mai recente actualiz\u0103ri, evenimente curente etc. prin e-mail oficial.<\/p><p>Membrilor li se acord\u0103 priorit\u0103\u021bi \u00een procesul de publicare \u0219i beneficiaz\u0103 de un proces de evaluare\u00a0 foarte bun \u00een cadrul publica\u021biei.<\/p><p>Autorii vor avea, de asemenea, op\u021biunile de a-\u0219i publica con\u021binutul \u00een cel mai rapid mod posibil.<\/p>\t\t\t\t\t\t<\/div>\n\t\t\t\t<\/div>\n\t\t\t\t<div class=\"elementor-element elementor-element-b0c5d15 elementor-widget elementor-widget-heading\" data-id=\"b0c5d15\" data-element_type=\"widget\" id=\"3\" data-widget_type=\"heading.default\">\n\t\t\t\t<div class=\"elementor-widget-container\">\n\t\t\t<h2 class=\"elementor-heading-title elementor-size-default\">Pentru autori<\/h2>\t\t<\/div>\n\t\t\t\t<\/div>\n\t\t\t\t<div class=\"elementor-element elementor-element-19561ec0 elementor-widget-divider--view-line elementor-widget elementor-widget-divider\" data-id=\"19561ec0\" data-element_type=\"widget\" data-widget_type=\"divider.default\">\n\t\t\t\t<div class=\"elementor-widget-container\">\n\t\t\t\t\t<div class=\"elementor-divider\">\n\t\t\t<span class=\"elementor-divider-separator\">\n\t\t\t\t\t\t<\/span>\n\t\t<\/div>\n\t\t\t\t<\/div>\n\t\t\t\t<\/div>\n\t\t\t\t<div class=\"elementor-element elementor-element-04d765d elementor-widget elementor-widget-text-editor\" data-id=\"04d765d\" data-element_type=\"widget\" data-widget_type=\"text-editor.default\">\n\t\t\t\t<div class=\"elementor-widget-container\">\n\t\t\t\t\t\t\t<p>Lorem ipsum dolor sit amet, consectetur adipiscing elit, sed do eiusmod tempor incididunt ut labore et dolore magna aliqua. Ut enim ad minim veniam, quis nostrud exercitation ullamco laboris nisi ut aliquip ex ea commodo consequat. Duis aute irure dolor in reprehenderit in voluptate velit esse cillum dolore eu fugiat nulla pariatur. Excepteur sint occaecat cupidatat non proident, sunt in culpa qui officia deserunt mollit anim id est laborum.&#8221;<\/p><p>Lorem ipsum dolor sit amet, consectetur adipiscing elit, sed do eiusmod tempor incididunt ut labore et dolore magna aliqua. Ut enim ad minim veniam, quis nostrud exercitation ullamco laboris nisi ut aliquip ex ea commodo consequat. Duis aute irure dolor in reprehenderit in voluptate velit esse cillum dolore eu fugiat nulla pariatur. Excepteur sint occaecat cupidatat non proident, sunt in culpa qui officia deserunt mollit anim id est laborum.&#8221;<\/p>\t\t\t\t\t\t<\/div>\n\t\t\t\t<\/div>\n\t\t\t\t<div class=\"elementor-element elementor-element-0b37b5a elementor-widget elementor-widget-heading\" data-id=\"0b37b5a\" data-element_type=\"widget\" id=\"4\" data-widget_type=\"heading.default\">\n\t\t\t\t<div class=\"elementor-widget-container\">\n\t\t\t<h2 class=\"elementor-heading-title elementor-size-default\">Sustine & Dona\u021bii<\/h2>\t\t<\/div>\n\t\t\t\t<\/div>\n\t\t\t\t<div class=\"elementor-element elementor-element-7319e57 elementor-widget-divider--view-line elementor-widget elementor-widget-divider\" data-id=\"7319e57\" data-element_type=\"widget\" data-widget_type=\"divider.default\">\n\t\t\t\t<div class=\"elementor-widget-container\">\n\t\t\t\t\t<div class=\"elementor-divider\">\n\t\t\t<span class=\"elementor-divider-separator\">\n\t\t\t\t\t\t<\/span>\n\t\t<\/div>\n\t\t\t\t<\/div>\n\t\t\t\t<\/div>\n\t\t\t\t<div class=\"elementor-element elementor-element-548303d elementor-widget elementor-widget-text-editor\" data-id=\"548303d\" data-element_type=\"widget\" data-widget_type=\"text-editor.default\">\n\t\t\t\t<div class=\"elementor-widget-container\">\n\t\t\t\t\t\t\t<p>Niciodat\u0103 p\u00e2n\u0103 acum nu am fost at\u00e2t de con\u0219tien\u021bi de provoc\u0103rile cu care se confrunt\u0103 oamenii din zona neurodiversit\u0103\u021bii \u0219i niciodat\u0103 p\u00e2n\u0103 acum nu am avut \u0219ansa de a ac\u021biona pe baza acestor cuno\u0219tin\u021be.<\/p><p>Ai \u0219ansa de a face ceva minunat.\u00a0\u00cencep\u00e2nd o dona\u021bie lunar\u0103, ne po\u021bi ajuta s\u0103 cre\u0103m o lume \u00een care nimeni din spectrul autismului nu este l\u0103sat \u00een urm\u0103.<\/p><p><strong><em>Ce este d<\/em><\/strong><strong><em>ona\u021bia<\/em><\/strong> <strong><em>lunar\u0103<\/em><\/strong><strong><em>?<\/em><\/strong><\/p><p>Un program regulat de dona\u021bii v\u0103 permite s\u0103 oferi\u021bi generos organiza\u021biei de caritate alese.\u00a0\u00cen loc s\u0103 dona\u021bi organiza\u021biei caritabile alese ca un cadou \u00een numerar o singur\u0103 dat\u0103, stabili\u021bi o dona\u021bie periodic\u0103 regulat\u0103, de obicei lunar.<\/p><p>Dona\u021biile lunare regulate sunt vitale pentru a ne asigura c\u0103 organiza\u021biile non-profit, precum , pot continua s\u0103 finan\u021beze programe \u00een derulare care r\u0103spund nevoilor comunit\u0103\u021bilor pe care le deservesc \u0219i le sus\u021bin.<\/p><p>Cum vom folosi dona\u021bia ta recurent\u0103 pentru a ajuta persoanele cu autism?<\/p><p>Poate exista o lume mai bun\u0103 pentru persoanele cu autism.\u00a0C\u00e2nd dona\u021bi lunar c\u0103tre Aspect, cadoul dvs. caritabil ofer\u0103:<\/p><ul><li><strong>Evalu\u0103ri de-a lungul vie\u021bii<\/strong>&#8211; care ajut\u0103 la identificarea nevoilor individuale.<\/li><\/ul><ul><li><strong>Programe \u0219colare <\/strong>care sprijin\u0103 copiii s\u0103-\u0219i dezvolte abilit\u0103\u021bile de a deveni independen\u021bi \u0219i de a avea succes \u00een comunitatea mai larg\u0103.<\/li><\/ul><ul><li><strong>Programe de sensibilizare, <\/strong>care \u00a0sprijin\u0103 elevii din \u0219colile de mas\u0103 prin dezvoltarea de obiective personalizate, planuri de lec\u021bie \u0219i formare de competen\u021be care pot fi evaluate \u0219i planificate individual.<\/li><\/ul><ul><li><strong>Sprijin pentru copil\u0103ria timpurie<\/strong>, sprijin pentru comportament pozitiv \u0219i terapie.<\/li><\/ul><ul><li><strong>Mentori pentru angajare<\/strong> \u0219i sprijin pentru absolven\u021bii \u0219colii pentru tineri \u0219i adul\u021bi<\/li><\/ul><ul><li>ating\u0103 obiectivele individuale \u0219i s\u0103 ob\u021bin\u0103 noi niveluri de via\u021b\u0103 independent\u0103.<\/li><\/ul><ul><li><strong>O re\u021bea de p\u0103rin\u021bi<\/strong> \u0219i ateliere pentru a ajuta familiile s\u0103 construiasc\u0103 conexiuni \u0219i comunitate \u00een jurul lor.<\/li><\/ul><ul><li><strong>Cercet\u0103rile \u0219tiin\u021bifice \u0219i publicarea<\/strong> lor sunt subven\u021bionate \u0219i \u00a0\u00eemp\u0103rt\u0103\u0219ite la nivel na\u021bional, \u00een beneficiul tuturor celor din zona <strong><em>Autism \u2013 Neurodiversitate.<\/em><\/strong><\/li><\/ul><p>Deveni\u021bi partener \u00een schimbare \u0219i al\u0103tura\u021bi-v\u0103 programului nostru obi\u0219nuit de dona\u021bii!<\/p><p>Donarea regulat\u0103 este un act extraordinar de bun\u0103tate.\u00a0Darurile tale ne vor ajuta s\u0103 planific\u0103m \u0219i s\u0103 oferim servicii care vor schimba via\u021ba mult timp \u00een viitor.<\/p><p>De la sprijin educa\u021bional personalizat la medii sociale \u00eembun\u0103t\u0103\u021bite \u0219i via\u021ba profesional\u0103 \u00eemplinit\u0103, dona\u021bia ta va contribui la crearea unei schimb\u0103ri tangibile dup\u0103 alta, iar persoanele cu <strong><em>A<\/em><\/strong><strong><em>utism<\/em><\/strong><strong><em>&#8211; Neurodiversitate<\/em><\/strong> vor continua s\u0103 vad\u0103 c\u0103 lumea din jurul lor se schimb\u0103 pentru a se potrivi nevoilor lor unice.<\/p><p>To\u021bi donatorii care aleg s\u0103 fac\u0103 dona\u021bii lunare regulate sunt \u00eenscri\u0219i \u00een programul nostru <strong><em>\u00cempreun\u0103 schimb\u0103m destine!<\/em><\/strong> \u0219i vor primi un pachet de bun venit care detaliaz\u0103 modul \u00een care sprijinul <strong><em>\u00cempreun\u0103 schimb\u0103m destine!<\/em><\/strong>\u00a0 ajut\u0103 la crearea unei lumi mai incluzive pentru persoanele cu autism\/neurodiversitate.\u00a0Ve\u021bi primi, de asemenea, c\u00e2teva sfaturi utile pentru a interac\u021biona cu persoanele neurodivergente, sfaturi \u00a0care au fost dezvoltate \u00een colaborare cu persoane din interiorul neurodivergen\u021bei.<\/p><p>\u00cemi pot schimba dona\u021bia lunar\u0103 dup\u0103 ce \u00eencep s\u0103 dau obi\u0219nuit?<\/p><p>\u00cen\u021belegem c\u0103 circumstan\u021bele dumneavoastr\u0103 se pot schimba.\u00a0Dac\u0103 trebuie s\u0103 schimba\u021bi modul \u00een care dona\u021bi c\u0103tre <strong><em>Autism- Neurodiversitate<\/em><\/strong> v\u0103 rug\u0103m s\u0103 ne contacta\u021bi \u00a0pentru a v\u0103 ajusta starea de dona\u021bie obi\u0219nuit\u0103.<\/p><p><strong><em>C\u00e2t din dona\u021bia mea este destinat\u0103 ajutor\u0103rii persoanelor cu <\/em><\/strong><strong><em>A<\/em><\/strong><strong><em>utism<\/em><\/strong><strong><em>\/Neurodivergente<\/em><\/strong><strong><em>?<\/em><\/strong><\/p><p>\u00cen ansamblu <strong><em>Autism- Neurodiversitate<\/em><\/strong>, \u00ee\u0219i direc\u021bioneaz\u0103 pu\u021bin sub 90% din veniturile sale c\u0103tre servicii \u0219i cercetare, restul fiind necesar pentru<\/p><p>suport administrativ \u0219i cheltuieli aferente.\u00a0Dona\u021biile sunt gestionate cu cel mai \u00eenalt nivel de profesionalism \u0219i responsabilitate.\u00a0Aspect este dedicat s\u0103 ne asigur\u0103m c\u0103 fiecare dona\u021bie pe care o primim este folosit\u0103 la maximum pentru a ne asigura c\u0103 \u00a0to\u021bi din zona neurodivergen\u021b\u0103 vor fi purta\u021bi spre recuperare si integrare, spre o via\u021b\u0103 mai bun\u0103.<\/p><p>V\u0103 rug\u0103m s\u0103 \u00eencepe\u021bi dona\u021bia lunar\u0103 recurent\u0103 ast\u0103zi!<\/p><p>ARTAADHD<\/p><p>Cont: RO77BACX0000000874539000<\/p><p>Unicredit Bank<\/p><p>Dac\u0103 dori\u021bi s\u0103 face\u021bi ceva minunat, v\u0103 rug\u0103m s\u0103 \u00eencepe\u021bi o dona\u021bie lunar\u0103 recurent\u0103 pentru ARTAADHD ast\u0103zi!<\/p><p>Oamenii ca tine sunt cei care ne ajut\u0103 s\u0103 cre\u0103m o lume mai bun\u0103 pentru copii si tinerii din\u00a0 zona <strong><em>Autism- Neurodiversitate.<\/em><\/strong><\/p>\t\t\t\t\t\t<\/div>\n\t\t\t\t<\/div>\n\t\t\t\t\t<\/div>\n\t\t<\/div>\n\t\t\t\t\t\t\t<\/div>\n\t\t<\/section>\n\t\t\t\t<section class=\"elementor-section elementor-top-section elementor-element elementor-element-49eddf7c elementor-section-boxed elementor-section-height-default elementor-section-height-default\" data-id=\"49eddf7c\" data-element_type=\"section\" data-settings=\"{&quot;background_background&quot;:&quot;classic&quot;}\">\n\t\t\t\t\t\t\t<div class=\"elementor-background-overlay\"><\/div>\n\t\t\t\t\t\t\t<div class=\"elementor-container elementor-column-gap-default\">\n\t\t\t\t\t<div class=\"elementor-column elementor-col-100 elementor-top-column elementor-element elementor-element-55f0da27\" data-id=\"55f0da27\" data-element_type=\"column\">\n\t\t\t<div class=\"elementor-widget-wrap elementor-element-populated\">\n\t\t\t\t\t\t\t\t<div class=\"elementor-element elementor-element-40c71ce0 elementor-widget elementor-widget-elementskit-heading\" data-id=\"40c71ce0\" data-element_type=\"widget\" data-widget_type=\"elementskit-heading.default\">\n\t\t\t\t<div class=\"elementor-widget-container\">\n\t\t\t<div class=\"ekit-wid-con\" ><div class=\"ekit-heading elementskit-section-title-wraper text_center   ekit_heading_tablet-   ekit_heading_mobile-\"><h2 class=\"ekit-heading--title elementskit-section-title\">\n\t\t\t\t\tAi vreo intrebare? <br> Contacteaz\u0103-m\u0103!\n\t\t\t\t\t<\/h2><\/div><\/div>\t\t<\/div>\n\t\t\t\t<\/div>\n\t\t\t\t<div class=\"elementor-element elementor-element-241ca448 elementor-align-center elementor-widget elementor-widget-button\" data-id=\"241ca448\" data-element_type=\"widget\" data-widget_type=\"button.default\">\n\t\t\t\t<div class=\"elementor-widget-container\">\n\t\t\t\t\t<div class=\"elementor-button-wrapper\">\n\t\t\t<a href=\"https:\/\/autism-neurodiversitate.com\/en\/contact\/#form#form\" class=\"elementor-button-link elementor-button elementor-size-sm\" role=\"button\">\n\t\t\t\t\t\t<span class=\"elementor-button-content-wrapper\">\n\t\t\t\t\t\t<span class=\"elementor-button-text\">Formular de contact<\/span>\n\t\t<\/span>\n\t\t\t\t\t<\/a>\n\t\t<\/div>\n\t\t\t\t<\/div>\n\t\t\t\t<\/div>\n\t\t\t\t\t<\/div>\n\t\t<\/div>\n\t\t\t\t\t\t\t<\/div>\n\t\t<\/section>\n\t\t\t\t\t\t\t<\/div>","protected":false},"excerpt":{"rendered":"<p>Comunicate Autism- Neurodiversitate \u2013 Membership Calitatea de membru Autism-Neurodiversitate a fost introdus\u0103 pentru a ajuta autorii (care trimit articolele des) s\u0103 scape de taxele de procesare a articolelor \u0219i s\u0103 ofere mai multe beneficii. Exist\u0103 multe op\u021biuni flexibile la\u00a0 pentru ca tu s\u0103 o alegi pe cea care se potrive\u0219te intereselor tale. Avantaje Planurile de [&hellip;]<\/p>","protected":false},"author":1,"featured_media":0,"parent":0,"menu_order":0,"comment_status":"closed","ping_status":"closed","template":"","meta":{"footnotes":""},"class_list":["post-222","page","type-page","status-publish","hentry","entry"],"_links":{"self":[{"href":"https:\/\/autism-neurodiversitate.com\/en\/wp-json\/wp\/v2\/pages\/222","targetHints":{"allow":["GET"]}}],"collection":[{"href":"https:\/\/autism-neurodiversitate.com\/en\/wp-json\/wp\/v2\/pages"}],"about":[{"href":"https:\/\/autism-neurodiversitate.com\/en\/wp-json\/wp\/v2\/types\/page"}],"author":[{"embeddable":true,"href":"https:\/\/autism-neurodiversitate.com\/en\/wp-json\/wp\/v2\/users\/1"}],"replies":[{"embeddable":true,"href":"https:\/\/autism-neurodiversitate.com\/en\/wp-json\/wp\/v2\/comments?post=222"}],"version-history":[{"count":14,"href":"https:\/\/autism-neurodiversitate.com\/en\/wp-json\/wp\/v2\/pages\/222\/revisions"}],"predecessor-version":[{"id":279,"href":"https:\/\/autism-neurodiversitate.com\/en\/wp-json\/wp\/v2\/pages\/222\/revisions\/279"}],"wp:attachment":[{"href":"https:\/\/autism-neurodiversitate.com\/en\/wp-json\/wp\/v2\/media?parent=222"}],"curies":[{"name":"wp","href":"https:\/\/api.w.org\/{rel}","templated":true}]}}