{"id":216,"date":"2022-06-24T12:56:09","date_gmt":"2022-06-24T12:56:09","guid":{"rendered":"https:\/\/autism-neurodiversitate.com\/?page_id=216"},"modified":"2022-06-24T12:58:31","modified_gmt":"2022-06-24T12:58:31","slug":"podcast-webinarii","status":"publish","type":"page","link":"https:\/\/autism-neurodiversitate.com\/en\/podcast-webinarii\/","title":{"rendered":"Podcast &#038; Webinarii"},"content":{"rendered":"<div data-elementor-type=\"wp-page\" data-elementor-id=\"216\" class=\"elementor elementor-216\">\n\t\t\t\t\t\t\t\t\t<section class=\"elementor-section elementor-top-section elementor-element elementor-element-21aaac20 elementor-section-boxed elementor-section-height-default elementor-section-height-default\" data-id=\"21aaac20\" data-element_type=\"section\" data-settings=\"{&quot;background_background&quot;:&quot;classic&quot;}\">\n\t\t\t\t\t\t\t<div class=\"elementor-background-overlay\"><\/div>\n\t\t\t\t\t\t\t<div class=\"elementor-container elementor-column-gap-default\">\n\t\t\t\t\t<div class=\"elementor-column elementor-col-100 elementor-top-column elementor-element elementor-element-64d18f71\" data-id=\"64d18f71\" data-element_type=\"column\">\n\t\t\t<div class=\"elementor-widget-wrap elementor-element-populated\">\n\t\t\t\t\t\t\t\t<div class=\"elementor-element elementor-element-314442b8 elementor-widget elementor-widget-elementskit-heading\" data-id=\"314442b8\" data-element_type=\"widget\" data-widget_type=\"elementskit-heading.default\">\n\t\t\t\t<div class=\"elementor-widget-container\">\n\t\t\t<div class=\"ekit-wid-con\" ><div class=\"ekit-heading elementskit-section-title-wraper text_center   ekit_heading_tablet-   ekit_heading_mobile-\"><h2 class=\"ekit-heading--title elementskit-section-title\">\n\t\t\t\t\tPodcast &amp; Webinarii\n\t\t\t\t\t<\/h2><\/div><\/div>\t\t<\/div>\n\t\t\t\t<\/div>\n\t\t\t\t<div class=\"elementor-element elementor-element-412abbd0 elementor-widget-divider--view-line elementor-widget elementor-widget-divider\" data-id=\"412abbd0\" data-element_type=\"widget\" data-widget_type=\"divider.default\">\n\t\t\t\t<div class=\"elementor-widget-container\">\n\t\t\t<style>\/*! elementor - v3.9.0 - 06-12-2022 *\/\n.elementor-widget-divider{--divider-border-style:none;--divider-border-width:1px;--divider-color:#2c2c2c;--divider-icon-size:20px;--divider-element-spacing:10px;--divider-pattern-height:24px;--divider-pattern-size:20px;--divider-pattern-url:none;--divider-pattern-repeat:repeat-x}.elementor-widget-divider .elementor-divider{display:flex}.elementor-widget-divider .elementor-divider__text{font-size:15px;line-height:1;max-width:95%}.elementor-widget-divider .elementor-divider__element{margin:0 var(--divider-element-spacing);flex-shrink:0}.elementor-widget-divider .elementor-icon{font-size:var(--divider-icon-size)}.elementor-widget-divider .elementor-divider-separator{display:flex;margin:0;direction:ltr}.elementor-widget-divider--view-line_icon .elementor-divider-separator,.elementor-widget-divider--view-line_text .elementor-divider-separator{align-items:center}.elementor-widget-divider--view-line_icon .elementor-divider-separator:after,.elementor-widget-divider--view-line_icon .elementor-divider-separator:before,.elementor-widget-divider--view-line_text .elementor-divider-separator:after,.elementor-widget-divider--view-line_text .elementor-divider-separator:before{display:block;content:\"\";border-bottom:0;flex-grow:1;border-top:var(--divider-border-width) var(--divider-border-style) var(--divider-color)}.elementor-widget-divider--element-align-left .elementor-divider .elementor-divider-separator>.elementor-divider__svg:first-of-type{flex-grow:0;flex-shrink:100}.elementor-widget-divider--element-align-left .elementor-divider-separator:before{content:none}.elementor-widget-divider--element-align-left .elementor-divider__element{margin-left:0}.elementor-widget-divider--element-align-right .elementor-divider .elementor-divider-separator>.elementor-divider__svg:last-of-type{flex-grow:0;flex-shrink:100}.elementor-widget-divider--element-align-right .elementor-divider-separator:after{content:none}.elementor-widget-divider--element-align-right .elementor-divider__element{margin-right:0}.elementor-widget-divider:not(.elementor-widget-divider--view-line_text):not(.elementor-widget-divider--view-line_icon) .elementor-divider-separator{border-top:var(--divider-border-width) var(--divider-border-style) var(--divider-color)}.elementor-widget-divider--separator-type-pattern{--divider-border-style:none}.elementor-widget-divider--separator-type-pattern.elementor-widget-divider--view-line .elementor-divider-separator,.elementor-widget-divider--separator-type-pattern:not(.elementor-widget-divider--view-line) .elementor-divider-separator:after,.elementor-widget-divider--separator-type-pattern:not(.elementor-widget-divider--view-line) .elementor-divider-separator:before,.elementor-widget-divider--separator-type-pattern:not([class*=elementor-widget-divider--view]) .elementor-divider-separator{width:100%;min-height:var(--divider-pattern-height);-webkit-mask-size:var(--divider-pattern-size) 100%;mask-size:var(--divider-pattern-size) 100%;-webkit-mask-repeat:var(--divider-pattern-repeat);mask-repeat:var(--divider-pattern-repeat);background-color:var(--divider-color);-webkit-mask-image:var(--divider-pattern-url);mask-image:var(--divider-pattern-url)}.elementor-widget-divider--no-spacing{--divider-pattern-size:auto}.elementor-widget-divider--bg-round{--divider-pattern-repeat:round}.rtl .elementor-widget-divider .elementor-divider__text{direction:rtl}.e-con-inner>.elementor-widget-divider,.e-con>.elementor-widget-divider{width:var(--container-widget-width);--flex-grow:var(--container-widget-flex-grow)}<\/style>\t\t<div class=\"elementor-divider\">\n\t\t\t<span class=\"elementor-divider-separator\">\n\t\t\t\t\t\t<\/span>\n\t\t<\/div>\n\t\t\t\t<\/div>\n\t\t\t\t<\/div>\n\t\t\t\t\t<\/div>\n\t\t<\/div>\n\t\t\t\t\t\t\t<\/div>\n\t\t<\/section>\n\t\t\t\t<section class=\"elementor-section elementor-top-section elementor-element elementor-element-d717852 elementor-section-content-middle elementor-reverse-mobile elementor-section-boxed elementor-section-height-default elementor-section-height-default\" data-id=\"d717852\" data-element_type=\"section\">\n\t\t\t\t\t\t<div class=\"elementor-container elementor-column-gap-default\">\n\t\t\t\t\t<div class=\"elementor-column elementor-col-50 elementor-top-column elementor-element elementor-element-d33a931\" data-id=\"d33a931\" data-element_type=\"column\">\n\t\t\t<div class=\"elementor-widget-wrap elementor-element-populated\">\n\t\t\t\t\t\t\t\t<div class=\"elementor-element elementor-element-69f252d elementor-widget-divider--view-line elementor-widget elementor-widget-divider\" data-id=\"69f252d\" data-element_type=\"widget\" data-widget_type=\"divider.default\">\n\t\t\t\t<div class=\"elementor-widget-container\">\n\t\t\t\t\t<div class=\"elementor-divider\">\n\t\t\t<span class=\"elementor-divider-separator\">\n\t\t\t\t\t\t<\/span>\n\t\t<\/div>\n\t\t\t\t<\/div>\n\t\t\t\t<\/div>\n\t\t\t\t<div class=\"elementor-element elementor-element-f1c7516 elementor-widget elementor-widget-text-editor\" data-id=\"f1c7516\" data-element_type=\"widget\" data-widget_type=\"text-editor.default\">\n\t\t\t\t<div class=\"elementor-widget-container\">\n\t\t\t<style>\/*! elementor - v3.9.0 - 06-12-2022 *\/\n.elementor-widget-text-editor.elementor-drop-cap-view-stacked .elementor-drop-cap{background-color:#818a91;color:#fff}.elementor-widget-text-editor.elementor-drop-cap-view-framed .elementor-drop-cap{color:#818a91;border:3px solid;background-color:transparent}.elementor-widget-text-editor:not(.elementor-drop-cap-view-default) .elementor-drop-cap{margin-top:8px}.elementor-widget-text-editor:not(.elementor-drop-cap-view-default) .elementor-drop-cap-letter{width:1em;height:1em}.elementor-widget-text-editor .elementor-drop-cap{float:left;text-align:center;line-height:1;font-size:50px}.elementor-widget-text-editor .elementor-drop-cap-letter{display:inline-block}<\/style>\t\t\t\t<p>Podcasturile AUTISM \u2013 NEURODIVERSITATE\u00a0 sunt o modalitate modern\u0103 \u0219i eficient\u0103 de a v\u0103 cre\u0219te baza de cuno\u0219tin\u021be despre func\u021bionalitatea creierului \u0219i mai cu seam\u0103 a creierului atipic. Podcast-urile sunt informative pentru: speciali\u0219ti, p\u0103rin\u021bi sau oricine este interesat\u00a0 s\u0103 \u00een\u021beleag\u0103 mai bine pripria minte \u0219i min\u021bile celor din zona neurodiversit\u0103\u021bii. Dac\u0103 v\u0103 \u00eentreba\u021bi dac\u0103 accesarea acestor podcast-uri, v\u0103 poate ajuta, e bine s\u0103 \u0219ti\u021bi c\u0103 podcasturile au asupra creierului dvs acela\u0219i efect ca \u0219i pove\u0219tile.<\/p><p>\u00cen pove\u0219tile podcast-urilor AUTISM NEURODIVERSITATE \u0219peciali\u0219ti de top din zona s\u0103n\u0103t\u0103\u021bii mintale \u0219i a alte domenii care interfereaz\u0103: neurologie, imunologie, neurobiologie, genetic\u0103 etc,\u00a0 vor r\u0103spunde nevoii\u00a0 de a afla c\u00e2t mai multe despre cum reactioneaz\u0103 creierul nostru, ce nevoi are \u0219i mai ales ce nevoi suplimentare are creierul din zona neurodiversit\u0103\u021bii.<\/p><p>Exist\u0103 studii care relev\u0103 faptul c\u0103 ascultarea de podcasturi stimuleaz\u0103 mai multe zone at\u00e2t din emisfera st\u00e2ng\u0103, c\u00e2t \u0219i din cea dreapt\u0103 a creierului. Accesarea informa\u021biilor prin vocea uman\u0103 poate genera activitate \u00een p\u0103r\u021bi ale creierului responsabile de memorie, activitatea senzorial\u0103 \u0219i emo\u021bional\u0103.<\/p><p>Dac\u0103 asta nu este suficient pentru a te face s\u0103 ascul\u021bi podcasturile AUTISM &#8211; NEURODIVERSITATE, am \u00eentocmit o list\u0103 cu unele grozave. Aceste podcasturi de s\u0103n\u0103tate au fost alese pentru acurate\u021bea informa\u021biilor, originalitate \u0219i audibilitate.<\/p><p>Dac\u0103 ai 15 minute sau mai mult, pe care vrei s\u0103 le dedici inform\u0103rii cu \u0219i despre creierul t\u0103u si al persoanelor atipice alege din lista de mai jos\u00a0 pe cele care sunt disponibile \u0219i crezi c\u0103 te intereseaz\u0103.<\/p>\t\t\t\t\t\t<\/div>\n\t\t\t\t<\/div>\n\t\t\t\t\t<\/div>\n\t\t<\/div>\n\t\t\t\t<div class=\"elementor-column elementor-col-50 elementor-top-column elementor-element elementor-element-0241c5b\" data-id=\"0241c5b\" data-element_type=\"column\">\n\t\t\t<div class=\"elementor-widget-wrap elementor-element-populated\">\n\t\t\t\t\t\t\t\t<div class=\"elementor-element elementor-element-10fe0bc elementor-widget elementor-widget-image\" data-id=\"10fe0bc\" data-element_type=\"widget\" data-widget_type=\"image.default\">\n\t\t\t\t<div class=\"elementor-widget-container\">\n\t\t\t<style>\/*! elementor - v3.9.0 - 06-12-2022 *\/\n.elementor-widget-image{text-align:center}.elementor-widget-image a{display:inline-block}.elementor-widget-image a img[src$=\".svg\"]{width:48px}.elementor-widget-image img{vertical-align:middle;display:inline-block}<\/style>\t\t\t\t\t\t\t\t\t\t\t\t<img decoding=\"async\" src=\"https:\/\/autism-neurodiversitate.com\/wp-content\/uploads\/elementor\/thumbs\/pexels-harry-cunningham-harrydigital-7383471-scaled-pqscf2ovzrwjbqk2mkw2pxx0zzj3ptj13zhvv1c74g.jpg\" title=\"pexels-harry-cunningham-harrydigital-7383471\" alt=\"pexels-harry-cunningham-harrydigital-7383471\" \/>\t\t\t\t\t\t\t\t\t\t\t\t\t\t\t<\/div>\n\t\t\t\t<\/div>\n\t\t\t\t\t<\/div>\n\t\t<\/div>\n\t\t\t\t\t\t\t<\/div>\n\t\t<\/section>\n\t\t\t\t<section class=\"elementor-section elementor-top-section elementor-element elementor-element-49eddf7c elementor-section-boxed elementor-section-height-default elementor-section-height-default\" data-id=\"49eddf7c\" data-element_type=\"section\" data-settings=\"{&quot;background_background&quot;:&quot;classic&quot;}\">\n\t\t\t\t\t\t\t<div class=\"elementor-background-overlay\"><\/div>\n\t\t\t\t\t\t\t<div class=\"elementor-container elementor-column-gap-default\">\n\t\t\t\t\t<div class=\"elementor-column elementor-col-100 elementor-top-column elementor-element elementor-element-55f0da27\" data-id=\"55f0da27\" data-element_type=\"column\">\n\t\t\t<div class=\"elementor-widget-wrap elementor-element-populated\">\n\t\t\t\t\t\t\t\t<div class=\"elementor-element elementor-element-40c71ce0 elementor-widget elementor-widget-elementskit-heading\" data-id=\"40c71ce0\" data-element_type=\"widget\" data-widget_type=\"elementskit-heading.default\">\n\t\t\t\t<div class=\"elementor-widget-container\">\n\t\t\t<div class=\"ekit-wid-con\" ><div class=\"ekit-heading elementskit-section-title-wraper text_center   ekit_heading_tablet-   ekit_heading_mobile-\"><h2 class=\"ekit-heading--title elementskit-section-title\">\n\t\t\t\t\tAi vreo intrebare? <br> Contacteaz\u0103-m\u0103!\n\t\t\t\t\t<\/h2><\/div><\/div>\t\t<\/div>\n\t\t\t\t<\/div>\n\t\t\t\t<div class=\"elementor-element elementor-element-241ca448 elementor-align-center elementor-widget elementor-widget-button\" data-id=\"241ca448\" data-element_type=\"widget\" data-widget_type=\"button.default\">\n\t\t\t\t<div class=\"elementor-widget-container\">\n\t\t\t\t\t<div class=\"elementor-button-wrapper\">\n\t\t\t<a href=\"https:\/\/autism-neurodiversitate.com\/en\/contact\/#form#form\" class=\"elementor-button-link elementor-button elementor-size-sm\" role=\"button\">\n\t\t\t\t\t\t<span class=\"elementor-button-content-wrapper\">\n\t\t\t\t\t\t<span class=\"elementor-button-text\">Formular de contact<\/span>\n\t\t<\/span>\n\t\t\t\t\t<\/a>\n\t\t<\/div>\n\t\t\t\t<\/div>\n\t\t\t\t<\/div>\n\t\t\t\t\t<\/div>\n\t\t<\/div>\n\t\t\t\t\t\t\t<\/div>\n\t\t<\/section>\n\t\t\t\t\t\t\t<\/div>","protected":false},"excerpt":{"rendered":"<p>Podcast &amp; Webinarii Podcasturile AUTISM \u2013 NEURODIVERSITATE\u00a0 sunt o modalitate modern\u0103 \u0219i eficient\u0103 de a v\u0103 cre\u0219te baza de cuno\u0219tin\u021be despre func\u021bionalitatea creierului \u0219i mai cu seam\u0103 a creierului atipic. Podcast-urile sunt informative pentru: speciali\u0219ti, p\u0103rin\u021bi sau oricine este interesat\u00a0 s\u0103 \u00een\u021beleag\u0103 mai bine pripria minte \u0219i min\u021bile celor din zona neurodiversit\u0103\u021bii. Dac\u0103 v\u0103 \u00eentreba\u021bi [&hellip;]<\/p>","protected":false},"author":1,"featured_media":0,"parent":0,"menu_order":0,"comment_status":"closed","ping_status":"closed","template":"","meta":{"footnotes":""},"class_list":["post-216","page","type-page","status-publish","hentry","entry"],"_links":{"self":[{"href":"https:\/\/autism-neurodiversitate.com\/en\/wp-json\/wp\/v2\/pages\/216","targetHints":{"allow":["GET"]}}],"collection":[{"href":"https:\/\/autism-neurodiversitate.com\/en\/wp-json\/wp\/v2\/pages"}],"about":[{"href":"https:\/\/autism-neurodiversitate.com\/en\/wp-json\/wp\/v2\/types\/page"}],"author":[{"embeddable":true,"href":"https:\/\/autism-neurodiversitate.com\/en\/wp-json\/wp\/v2\/users\/1"}],"replies":[{"embeddable":true,"href":"https:\/\/autism-neurodiversitate.com\/en\/wp-json\/wp\/v2\/comments?post=216"}],"version-history":[{"count":4,"href":"https:\/\/autism-neurodiversitate.com\/en\/wp-json\/wp\/v2\/pages\/216\/revisions"}],"predecessor-version":[{"id":221,"href":"https:\/\/autism-neurodiversitate.com\/en\/wp-json\/wp\/v2\/pages\/216\/revisions\/221"}],"wp:attachment":[{"href":"https:\/\/autism-neurodiversitate.com\/en\/wp-json\/wp\/v2\/media?parent=216"}],"curies":[{"name":"wp","href":"https:\/\/api.w.org\/{rel}","templated":true}]}}